{"id":2066,"date":"2024-03-28T12:03:50","date_gmt":"2024-03-28T12:03:50","guid":{"rendered":"https:\/\/sealines-wp.arkimedeacademy.it\/?page_id=2066"},"modified":"2025-11-19T11:33:52","modified_gmt":"2025-11-19T10:33:52","slug":"informativa-privacy","status":"publish","type":"page","link":"https:\/\/www.sealines.eu\/es\/informativa-privacy\/","title":{"rendered":"Pol\u00edtica de privacidad"},"content":{"rendered":"<div class=\"colonne\">\n<h6>Informativa sul trattamento dei dati personali per il trattamento: ai sensi dell&#8217;art. 13 del Regolamento (UE) 679\/2016 relativo alla protezione delle persone fisiche con riguardo al trattamento dei dati personali<\/h6>\n<p>Si presentano, di seguito, le modalit\u00e0 di gestione del trattamento dei dati personali degli utenti e dei visitatori del sito <a href=\"https:\/\/www.sealines.eu\/es\/\">www.sealines.eu<\/a> secondo la normativa del Regolamento Europeo 679\/2016, tale trattamento sar\u00e0 improntato ai principi di correttezza, liceit\u00e0 e trasparenza e di tutela della Sua riservatezza e dei Suoi diritti.<\/p>\n<p>Quanto segue \u00e8 da intendersi quale informativa ai sensi dell&#8217;art. 13 del DLgs.30\/06\/2003, n. 196, relativamente gli utenti dei servizi di questo sito che vengono erogati via Internet. La presente informativa \u00e8 da ritenersi valida solo per il presente sito e non per eventuali siti richiamabili da link presenti in qualsiasi pagina dello stesso.<\/p>\n<p>Per quanto sopra ai sensi dell&#8217;articolo 13 del Regolamento le forniamo le informazioni a seguire:<\/p>\n<p><b style=\"text-decoration: underline;\">WEB TRAVEL SRL<\/b> (nel seguito la &#8220;Societ\u00e0&#8221; o il &#8220;Titolare&#8221;), con sede legale in <b style=\"text-decoration: underline;\">VIA SAN TOMMASO D&#8217;AQUINO 6\/B 70124 BARI (BA) Italia<\/b> e P. IVA <b style=\"text-decoration: underline;\">07600870724<\/b>, in qualit\u00e0 di titolare del trattamento, vi informa, ai sensi dell&#8217;art. 13 del Regolamento Europeo 679\/2016 relativo alla protezione dei dati personali (&#8220;GDPR&#8221;), in merito al trattamento dei vostri dati personali a seguito della consultazione e\/o utilizzo del presente sito e di ogni altro dato utilizzato per la fornitura \/ erogazione dei nostri servizi tramite Internet.<\/p>\n<p><span style=\"text-decoration: underline;\">1. Tipologia di dati trattati<\/span><br \/>La Societ\u00e0 \u00e8 titolare del trattamento dei dati personali comunicati dall&#8217;Utente allo scrivente e comprendono:<br \/><b>Cognome, nome, Data Arrivo, sesso, data di Nascita, Comune di nascita, Provincia di Nascita, Stato di Nascita, Tipo Documento, Numero Documento, Luogo rilascio documento<br \/>Indirizzo e-mail<br \/>Nominativo, indirizzo o altri elementi di identificazione personale<br \/>Provincia di residenza<br \/>Numero di telefono\/cellulare<\/b><\/p>\n<p><span style=\"text-decoration: underline;\">2. Finalit\u00e0 del trattamento<\/span><br \/>Il trattamento dei Dati \u00e8 effettuato dalla Societ\u00e0 nello svolgimento delle sue attivit\u00e0. In particolare, i Dati forniti dagli Interessati saranno oggetto di trattamento, con strumenti informatici e non, per le seguenti finalit\u00e0:<br \/><b>Gestione della clientela<\/b><br \/>\u2022 Il criterio di liceit\u00e0 per il quale si rende possibile il trattamento \u00e8: <b>Il trattamento \u00e8 necessario all&#8217;esecuzione di un contratto di cui l&#8217;interessato \u00e8 parte o all&#8217;esecuzione di misure precontrattuali adottate su richiesta dello stesso<\/b><br \/>\u2022 Il cui fondamento trova riscontro in una base giuridica: <b>Norma Stato membro<\/b><br \/><b>Gestione Prenotazioni<\/b><br \/>\u2022 Il criterio di liceit\u00e0 per il quale si rende possibile il trattamento \u00e8: <b>Il trattamento \u00e8 necessario all&#8217;esecuzione di un contratto di cui l&#8217;interessato \u00e8 parte o all&#8217;esecuzione di misure precontrattuali adottate su richiesta dello stesso<\/b><br \/>\u2022 Il cui fondamento trova riscontro in una base giuridica: <b>Norma Stato membro<\/b><br \/><b>Attivit\u00e0 promozionali<\/b><br \/>\u2022 Il criterio di liceit\u00e0 per il quale si rende possibile il trattamento \u00e8: <b>L&#8217;interessato deve esprimere il consenso al trattamento dei propri dati personali per la specifica finalit\u00e0<\/b><br \/>\u2022 Il cui fondamento trova riscontro in una base giuridica: <b>Norma Unione<\/b><br \/><b>Informazioni alla clientela di nuovi servizi\/prodotti<\/b><br \/>\u2022 Il criterio di liceit\u00e0 per il quale si rende possibile il trattamento \u00e8: <b>L&#8217;interessato deve esprimere il consenso al trattamento dei propri dati personali per la specifica finalit\u00e0<\/b><br \/>\u2022 Il cui fondamento trova riscontro in una base giuridica: <b>Norma Stato membro<\/b><br \/><b>Adempimenti commerciali, contabili e fiscali<\/b><br \/>\u2022 Il criterio di liceit\u00e0 per il quale si rende possibile il trattamento \u00e8: <b>Il trattamento \u00e8 necessario all&#8217;esecuzione di un contratto di cui l&#8217;interessato \u00e8 parte o all&#8217;esecuzione di misure precontrattuali adottate su richiesta dello stesso<\/b><br \/>\u2022 Il cui fondamento trova riscontro in una base giuridica: <b>Norma Stato membro<\/b><\/p>\n<p><span style=\"text-decoration: underline;\">3. Modalit\u00e0 del Trattamento<\/span><br \/>I Dati saranno trattati dalla Societ\u00e0 con sistemi elettronici e manuali secondo i principi di correttezza, lealt\u00e0 e trasparenza previsti dalla normativa applicabile in materia di protezione dei dati personali e tutelando la riservatezza dell&#8217;Interessato tramite misure di sicurezza tecniche e organizzative per garantire un livello di sicurezza adeguato.<\/p>\n<p><span style=\"text-decoration: underline;\">4. Conservazione dei dati<\/span><br \/>I Dati forniti dall&#8217;Interessato saranno trattati per una durata:<br \/>\u2022 Data Inizio: <b>25\/05\/2018<\/b><br \/>\u2022 Criterio durata: <b>Criterio determinazione periodo<\/b><br \/>\u2022 Descrizione criterio: <b>L&#8217;obbligo della conservazione \u00e8 condizionato dall&#8217;esistenza di relazioni commerciali con il cliente e dalle disposizioni in materia di conservazione dei dati contabili e fiscali. La persistenza dell&#8217;informazione nel sistema \u00e8 a tempo indeterminato<\/b>.<\/p>\n<p><span style=\"text-decoration: underline;\">5. Comunicazione, diffusione e trasferimento dei Dati<\/span><br \/>I Dati saranno trattati, nei limiti di quanto necessario, dal personale autorizzato, adeguatamente istruito e formato, dal Titolare nonch\u00e9 dal personale dei soggetti terzi che prestano servizi al Titolare ed effettuano trattamenti di Dati per conto e su istruzione di quest&#8217;ultimo quali Responsabili del trattamento.<br \/>In caso di comunicazione a terzi i destinatari potranno essere:<br \/>Categorie:<\/p>\n<p>\u2022 Destinatario: <b>Consulenti e liberi professionisti in forma singola o associata<\/b><br \/>\u2022 Destinatario: <b>Societ\u00e0 e imprese<\/b><br \/>\u2022 Destinatario: <b>Clienti ed utenti<\/b><br \/>\u2022 Destinatario: <b>Clienti, Fornitori, vettori, spedizionieri, agenti, addetti all&#8217;utilizzo del software, professionisti ai quali ci rivolgiamo per adempiere agli obblighi previsti, addetti degli uffici amministrativi delle aziende coinvolte<\/b>.<\/p>\n<p>Pi\u00f9 in generale, nello svolgimento delle proprie attivit\u00e0 ordinarie aziendali i Dati potranno essere comunicati a soggetti che svolgono attivit\u00e0 di controllo, revisione e certificazione delle attivit\u00e0 poste in essere dal Titolare, consulenti e liberi professionisti nel contesto di servizi di assistenza fiscale, giudiziale e in caso di operazioni societarie per cui si renda necessario valutare gli asset aziendali, enti e amministrazioni pubbliche, nonch\u00e9 a soggetti legittimati per legge a ricevere tali informazioni, autorit\u00e0 giudiziarie italiane e straniere e altre pubbliche autorit\u00e0, per le finalit\u00e0 connesse all&#8217;adempimento di obblighi legali, o per l&#8217;espletamento delle obbligazioni assunte e scaturenti dalla relazione contrattuale, compreso per esigenza di difesa in giudizio.<\/p>\n<p>Qualora si rendesse necessario, assolvere alle finalit\u00e0 per le quali i dati sono raccolti, effettuando un loro trasferimento, queste saranno le caratteristiche:<br \/>\u2022 Base del trasferimento: <b>Trasferimento sulla base di una decisione di adeguatezza (art. 45)<\/b><br \/>\u2022 Estremi decisione di adeguatezza: <b>Quanto stabilito dalla legge<\/b><br \/>\u2022 Paese o Organizzazione dove avverr\u00e0 il trasferimento: <b>Italia<\/b><br \/>\u2022 Informazioni di recapito per contatti: <b>Correo electr\u00f3nico<\/b><br \/>\u2022 Come ottenere una copia dei dati trasferiti: <b><a href=\"mailto:privacy@sealines.eu\">privacy@sealines.eu<\/a><\/b><br \/>\u2022 Descrizione aggiuntiva sul trasferimento: <b>Correo electr\u00f3nico<\/b><\/p>\n<h6>\u00a0<\/h6>\n<h6>INFORMATIVA<\/h6>\n<p><span style=\"text-decoration: underline;\">7. Ulteriori soggetti collegati al trattamento<\/span><br \/>Rappresentate in UE del Titolare:<br \/>\u2022 Nome e cognome del titolare: <b>VITTORIO DI BENEDETTO<\/b><br \/>Contitolare\/i:<br \/><b>Non \u00e8 previsto un contitolare per il\/i trattamento\/i in oggetto.<\/b><br \/>Responsabile\/i:<br \/>\u2022 Nome e Cognome: <b>VITTORIO DI BENEDETTO<\/b><br \/>\u2022 Codice fiscale: <b>DBNVTR81H28A662I<\/b><br \/>Dpo:<br \/><b>Non \u00e8 previsto la nomina di un DPO\/RDP per il\/i trattamento\/i in oggetto<\/b><\/p>\n<p><span style=\"text-decoration: underline;\">8. Quali sono i diritti dell&#8217;Interessato<\/span><br \/>L&#8217;Interessato potr\u00e0 esercitare, in relazione al trattamento dei dati ivi descritto, i diritti previsti dal GDPR (artt. 15-21), ivi inclusi:<br \/>\u2022 ricevere conferma dell\u2019esistenza dei Dati e accedere al loro contenuto (diritti di accesso);<br \/>\u2022 aggiornare, modificare e\/o correggere i Dati (diritto di rettifica);<br \/>\u2022 chiederne la cancellazione o la limitazione del trattamento dei Dati trattati in violazione di legge compresi quelli di cui non \u00e8 necessaria la conservazione in relazione agli scopi per i quali i Dati sono stati raccolti o altrimenti trattati (diritto all&#8217;oblio e diritto alla limitazione);<br \/>\u2022 opporsi al trattamento (diritto di opposizione);<br \/>\u2022 proporre reclamo all&#8217;Autorit\u00e0 di controllo (Garante per la protezione dei dati personali www.garanteprivacy.it) in caso di violazione della disciplina in materia di protezione dei dati personali;<br \/>\u2022 ricevere copia in formato elettronico dei Dati che lo riguardano come Interessato, quando tali Dati siano stati resi nel contesto del contratto e chiedere che tali Dati siano trasmessi ad un altro titolare del trattamento (diritto alla portabilit\u00e0 dei dati).<\/p>\n<p>Per esercitare tali diritti l&#8217;Interessato pu\u00f2 contattare il Titolare del trattamento inviando una comunicazione a:<br \/>Tipo contatto: <b>E-mail<\/b><br \/>Recapito: <b><a href=\"mailto:privacy@sealines.eu\">privacy@sealines.eu<\/a><\/b><br \/>Nel contattarci, l&#8217;Interessato dovr\u00e0 accertarsi di includere il proprio nome, email\/indirizzo postale e\/o numero\/i di telefono per essere sicuro che la sua richiesta possa essere gestita correttamente.<\/p>\n<p>\u00a0<\/p>\n<\/div>","protected":false},"excerpt":{"rendered":"<p>Informativa sul trattamento dei dati personali per il trattamento: ai sensi dell&#8217;art. 13 del Regolamento (UE) 679\/2016 relativo alla protezione delle persone fisiche con riguardo al trattamento dei dati personali Si presentano, di seguito, le modalit\u00e0 di gestione del trattamento dei dati personali degli utenti e dei visitatori del sito www.sealines.eu secondo la normativa del [&hellip;]<\/p>\n","protected":false},"author":1,"featured_media":0,"parent":0,"menu_order":0,"comment_status":"closed","ping_status":"closed","template":"","meta":{"_acf_changed":false,"footnotes":""},"class_list":["post-2066","page","type-page","status-publish","hentry"],"acf":[],"_links":{"self":[{"href":"https:\/\/www.sealines.eu\/es\/wp-json\/wp\/v2\/pages\/2066","targetHints":{"allow":["GET"]}}],"collection":[{"href":"https:\/\/www.sealines.eu\/es\/wp-json\/wp\/v2\/pages"}],"about":[{"href":"https:\/\/www.sealines.eu\/es\/wp-json\/wp\/v2\/types\/page"}],"author":[{"embeddable":true,"href":"https:\/\/www.sealines.eu\/es\/wp-json\/wp\/v2\/users\/1"}],"replies":[{"embeddable":true,"href":"https:\/\/www.sealines.eu\/es\/wp-json\/wp\/v2\/comments?post=2066"}],"version-history":[{"count":4,"href":"https:\/\/www.sealines.eu\/es\/wp-json\/wp\/v2\/pages\/2066\/revisions"}],"predecessor-version":[{"id":8944,"href":"https:\/\/www.sealines.eu\/es\/wp-json\/wp\/v2\/pages\/2066\/revisions\/8944"}],"wp:attachment":[{"href":"https:\/\/www.sealines.eu\/es\/wp-json\/wp\/v2\/media?parent=2066"}],"curies":[{"name":"wp","href":"https:\/\/api.w.org\/{rel}","templated":true}]}}