{"id":2070,"date":"2024-03-28T12:06:10","date_gmt":"2024-03-28T12:06:10","guid":{"rendered":"https:\/\/sealines-wp.arkimedeacademy.it\/?page_id=2070"},"modified":"2024-05-06T22:13:03","modified_gmt":"2024-05-06T20:13:03","slug":"termini-servizio","status":"publish","type":"page","link":"https:\/\/www.sealines.eu\/fr\/termini-servizio\/","title":{"rendered":"Conditions g\u00e9n\u00e9rales de service"},"content":{"rendered":"<p>Di seguito si riportano i termini di servizio applicati da Web Travel s.r.l. per i servizi offerti tramite il sito www.sealines.eu.<\/p>\n<div class=\"colonne\">\n<h3>R\u00c9SERVATIONS<\/h3>\n<h4>Articolo 1<\/h4>\n<p>Con l&#8217;invio della richiesta di prenotazione da parte del cliente, si ritengono accettate le condizioni di vendita di Web Travel s.r.l. (come di seguito elencate) e le condizioni di vendita e trasporto delle compagnie di navigazione scelte.<\/p>\n<h4>Articolo 2<\/h4>\n<p>Le prenotazioni pervenute on line, nel 80% dei casi, vengono evase da Web Travel s.r.l. entro 2 giorni lavorativi. Web Travel s.r.l. accetta e successivamente conferma le richieste di prenotazione solo nel caso di effettiva disponibilit\u00e0 confermata dalle compagnie di navigazione, in caso contrario Web Travel s.r.l. \u00e8 obbligata esclusivamente a restituire le somme percepite.<\/p>\n<h4>Articolo 3<\/h4>\n<p>Solo le compagnie marittime hanno facolt\u00e0 di variare le tariffe senza preavviso fino al momento della definitiva emissione del biglietto. Nel caso in cui, in seguito all&#8217;emissione del biglietto la compagnia effettua variazioni delle tariffe o variazioni degli orari di partenza e\/o arrivo della nave, le notifiche di tali variazioni vengono effettuate direttamente dalla compagnia stessa.<\/p>\n<h4>Articolo 4<\/h4>\n<p>Web Travel s.r.l. applica le migliori tariffe nell&#8217;interesse del cliente, disponibili al momento dell&#8217;emissione del biglietto frutto di eventuali offerte o tariffe promozionali e non si ritiene responsabile qualora l&#8217;applicazione di offerte e tariffe promozionali, impediscono o limitano la possibilit\u00e0 di successive modifiche, annullamento e\/o rimborso del biglietto. Nel caso in cui il cliente non volesse usufruire delle tariffe promozionali \u00e8 tenuto a contattare direttamente Web Travel s.r.l tramite telefono o mail e comunicare espressamente tale scelta.<\/p>\n<h4>Articolo 5<\/h4>\n<p>Le richieste di prenotazione vengono accettate da Web Travel s.r.l. fino al giorno stesso della partenza nel caso in cui la compagnia rilascia biglietto in formato elettronico. In questo caso il pagamento deve essere effettuato obbligatoriamente con carta di credito. Il biglietto si riceve via e-mail e, fino alla ricezione dello stesso, la pratica non viene considerata conclusa. Le richieste di prenotazioni che prevedono l&#8217;emissione del biglietto manuale \u00e8 preferibile farle pervenire almeno 5 giorni lavorativi prima della data di partenza, e comunque non meno di due giorni lavorativi prima della partenza.<\/p>\n<h4>Articolo 6<\/h4>\n<p>IWeb Travel s.r.l non \u00e8 in nessun modo responsabile dell&#8217;esattezza e della veridicit\u00e0 dei dati forniti da parte del cliente in fase di prenotazione (tutti i dati richiesti dal form del sito in fase di prenotazione e pagamento).<\/p>\n<h4>Articolo 7<\/h4>\n<p>La prenotazione effettuata on line, si ritiene conclusa (salvo disponibilit\u00e0) solo dopo aver ricevuto la mail di conferma da parte di Web Travel s.r.l.<\/p>\n<h4>Articolo 8<\/h4>\n<p>Il biglietto \u00e8 emesso per ciascun passeggero e costituisce un titolo di viaggio strettamente personale, non trasferibile ad un altro passeggero senza il consenso della Compagnia.<\/p>\n<h4>Articolo 9<\/h4>\n<p>I passeggeri sono tenuti a presentarsi almeno tre ore prima dell&#8217;ora di partenza indicata sul proprio biglietto (se non diversamente indicato), per sbrigare le formalit\u00e0 d&#8217;imbarco ed effettuare il check-in.<\/p>\n<h4>Articolo 10<\/h4>\n<p>Tutti i passeggeri devono essere muniti di regolare passaporto o equivalenti documenti di riconoscimento e, ove necessario, di visa e\/o di certificati internazionali di vaccinazione.<\/p>\n<h4>Articolo 11<\/h4>\n<p>I passeggeri devono inoltre conservare il titolo di viaggio per poter far valere i propri diritti in qualsiasi momento. Il biglietto pu\u00f2 essere richiesto dagli ufficiali di bordo durante il viaggio (fino allo sbarco), ed il passeggero deve obbligatoriamente esibirlo.<\/p>\n<h4>Articolo 12<\/h4>\n<p>Il passeggero che non adempir\u00e0 agli obblighi citati nell&#8217;ART.8 &#8211; 9 &#8211; 10 &#8211; 11 perder\u00e0 diritto a qualsiasi sistemazione prenotata\/pagata e il suo posto auto.<\/p>\n<h4>Articolo 13<\/h4>\n<p>Il Comandante ha il diritto di rifiutare l&#8217;imbarco di un passeggero per motivi legati alla salute di questo, alle sue condizioni fisiche o mentali, ad un eventuale stato di ebbrezza, per motivi di cattiva condotta anche relativi al passato o per qualsiasi motivo che egli ritenga strettamente necessario.<\/p>\n<h3>PAGAMENTI<\/h3>\n<h4>Articolo 14<\/h4>\n<p>La richiesta di prenotazione viene presa in carico successivamente all&#8217;avvenuto pagamento e l&#8217;emissione definitiva del biglietto \u00e8 subordinata alla disponibilit\u00e0 delle Compagnie, terminato l&#8217;iter, il cliente riceve la conferma definitiva via mail.<\/p>\n<h4>Articolo 15<\/h4>\n<p>Il metodo di pagamento esclusivo accettato per le prenotazione effettuate on-line \u00e8 con carta di credito tramite i sistemi forniti da PayPal e Banca Sella. I biglietti di alcune compagnie possono essere opzionati e di seguito pagati tramite bonifico bancario, contattando direttamente Web Travel s.r.l tramite mail e\/o telefono. Per le prenotazione con carta di credito al telefono Web Travel s.r.l si riserva il diritto di richiedere la documentazione neccessaria per l&#8217;autorizzazione al prelievo.<\/p>\n<h4>Articolo 16<\/h4>\n<p>Per le prenotazioni con pagamento tramite bonifico bancario il cliente \u00e8 tenuto ad inviare a Web Travel s.r.l., via fax o e-mail, la copia del versamento. In caso di pagamento con bonifico il biglietto viene inviato al cliente solo dopo l\u2019accertamento di accredito sul conto bancario di Web Travel s.r.l.<\/p>\n<h3>VARIAZIONI E ANNULLAMENTI<\/h3>\n<h4>Articolo 17<\/h4>\n<p>Tutte le richieste di variazione e\/o annullamento delle prenotazioni devono essere inoltrate a Web Travel s.r.l. esclusivamente via mail dall&#8217;indirizzo mail utilizzato in fase di acquisto, allegando una copia del documento dell&#8217;intestatario della prenotazione. In caso di necessit\u00e0 durante gli orari o i giorni di chiusura di Web Travel s.r.l. il cliente pu\u00f2 contattare direttamente la compagnia marittima prenotata e richiedere modifiche e cancellazioni alla stessa.<\/p>\n<h4>Articolo 18<\/h4>\n<p>In caso di modifiche o annullamenti di biglietti gi\u00e0 emessi, Web Travel s.r.l si rif\u00e0 ai termini e condizione generali di trasporto della compagnia in questione. Il cliente, pu\u00f2 effettuare variazioni o annullamenti di biglietti gi\u00e0 emessi ove ci\u00f2 \u00e8 consentito previo pagamento di una penale verso la Compagnia nonch\u00e9 al pagamento di una penale nei confronti di Web Travel s.r.l. fino a un massimo di \u20ac 50,00 per ogni variazione o modifica.<\/p>\n<h4>Articolo 19<\/h4>\n<p>In caso di non utilizzo di biglietti gi\u00e0 emessi (NON SHOW), il cliente non ha diritto ad alcun rimborso.<\/p>\n<h3>RIMBORSI<\/h3>\n<h4>Articolo 20<\/h4>\n<p>I rimborsi richiesti sono soggetti agli ART.18 e 19. Non vengono in nessun caso rimborsati i diritti di prenotazione. I rimborsi possono essere effettuati esclusivamente con lo stesso metodo di pagamento utilizzato (tramite bonifico bancario, accreditati sul conto Paypal o carta di debito\/credito utilizzata in fase di acquisto). I tempi della disponibilit\u00e0 delle somme accreditate da Web Travel s.r.l dipendono dall&#8217;istituto bancario del cliente.<\/p>\n<h4>Articolo 21<\/h4>\n<p>In caso di annullamento o variazione dei biglietti Web Travel s.r.l provveder\u00e0 al rimborso delle somme eventualmente dovute al cliente solo dopo aver ricevuto il rimborso dalla Compagnia Marittima in questione. Le somme dovute sono al netto delle penali applicate dalla Compagnia e da Web Travel, di cui all&#8217;ART.18.<\/p>\n<h3>RESPONSABILITA\u2019<\/h3>\n<h4>Articolo 22<\/h4>\n<p>Web Travel s.r.l. \u00e8 esclusivamente intermediario tra il cliente e la Compagnia di Navigazione, pertanto, non si ritiene in nessun modo responsabile di malfunzionamenti del sistema di prenotazione della Compagnia stessa o di eventuali modifiche apportate all&#8217;itinerario prenotato.<\/p>\n<h3>NON APPLICABILITA\u2019 DEL DIRITTO DI RECESSO<\/h3>\n<h4>Articolo 23<\/h4>\n<p>Il Codice del Consumo, art. 7 legge 29 luglio 2003, n. 229, pubblicato nella Gazzetta Ufficiale n. 235 del 8 ottobre 2005, aggiornato al 10\/06\/2011 con D.lgs.79\/2011 &#8211; Supplemento Ordinario n. 162 all\u2019art. 55 \u201cEsclusioni\u201d paragrafo b, riporta: \u201cIl diritto di recesso previsto agli articoli 64 e seguenti, nonch\u00e9 gli articoli 52 e 53 ed il comma 1 dell&#8217;articolo 54 non si applicano: b) ai contratti di fornitura di servizi relativi all&#8217;alloggio, ai trasporti, alla ristorazione, al tempo libero, quando all&#8217;atto della conclusione del contratto il professionista si impegna a fornire tali prestazioni ad una data determinata o in un periodo prestabilito.&#8221;<\/p>\n<h3>TRIBUNAL COMP\u00c9TENT<\/h3>\n<h4>Articolo 24<\/h4>\n<p>Eventuali controversie sono regolamentate dalla legge italiana e vengono devolute alla competenza del Foro di Bari.<\/p>\n<\/div>","protected":false},"excerpt":{"rendered":"<p>Di seguito si riportano i termini di servizio applicati da Web Travel s.r.l. per i servizi offerti tramite il sito www.sealines.eu. PRENOTAZIONI Articolo 1 Con l&#8217;invio della richiesta di prenotazione da parte del cliente, si ritengono accettate le condizioni di vendita di Web Travel s.r.l. (come di seguito elencate) e le condizioni di vendita e [&hellip;]<\/p>\n","protected":false},"author":1,"featured_media":0,"parent":0,"menu_order":0,"comment_status":"closed","ping_status":"closed","template":"","meta":{"_acf_changed":false,"footnotes":""},"class_list":["post-2070","page","type-page","status-publish","hentry"],"acf":[],"_links":{"self":[{"href":"https:\/\/www.sealines.eu\/fr\/wp-json\/wp\/v2\/pages\/2070","targetHints":{"allow":["GET"]}}],"collection":[{"href":"https:\/\/www.sealines.eu\/fr\/wp-json\/wp\/v2\/pages"}],"about":[{"href":"https:\/\/www.sealines.eu\/fr\/wp-json\/wp\/v2\/types\/page"}],"author":[{"embeddable":true,"href":"https:\/\/www.sealines.eu\/fr\/wp-json\/wp\/v2\/users\/1"}],"replies":[{"embeddable":true,"href":"https:\/\/www.sealines.eu\/fr\/wp-json\/wp\/v2\/comments?post=2070"}],"version-history":[{"count":1,"href":"https:\/\/www.sealines.eu\/fr\/wp-json\/wp\/v2\/pages\/2070\/revisions"}],"predecessor-version":[{"id":2072,"href":"https:\/\/www.sealines.eu\/fr\/wp-json\/wp\/v2\/pages\/2070\/revisions\/2072"}],"wp:attachment":[{"href":"https:\/\/www.sealines.eu\/fr\/wp-json\/wp\/v2\/media?parent=2070"}],"curies":[{"name":"wp","href":"https:\/\/api.w.org\/{rel}","templated":true}]}}