{"id":1001,"date":"2023-12-04T09:36:20","date_gmt":"2023-12-04T09:36:20","guid":{"rendered":"https:\/\/sealines-wp.arkimedeacademy.it\/?page_id=1001"},"modified":"2025-11-28T12:44:48","modified_gmt":"2025-11-28T11:44:48","slug":"kontaktet","status":"publish","type":"page","link":"https:\/\/www.sealines.eu\/sq\/contatti\/","title":{"rendered":"Kontaktet"},"content":{"rendered":"<div>Usate uno degli indirizzi specificati qui sotto per poter entrare in contatto per noi. In alternativa, qualora vogliate sottoporci una richiesta, potete utilizzare anche il form di contatto presente in questa stessa pagina.<\/div>\n<h2>Modulo di richiesta<\/h2>\n<div>Usate questo form di contatto per inviare richieste. Provvederemo a contattarvi nel minor tempo possibile.<\/div>\n<div>\n\n<div class=\"wpcf7 no-js\" id=\"wpcf7-f1012-o1\" lang=\"it-IT\" dir=\"ltr\" data-wpcf7-id=\"1012\">\n<div class=\"screen-reader-response\"><p role=\"status\" aria-live=\"polite\" aria-atomic=\"true\"><\/p> <ul><\/ul><\/div>\n<form action=\"\/sq\/wp-json\/wp\/v2\/pages\/1001#wpcf7-f1012-o1\" method=\"post\" class=\"wpcf7-form init\" aria-label=\"Modulo di contatto\" novalidate=\"novalidate\" data-status=\"init\">\n<fieldset class=\"hidden-fields-container\"><input type=\"hidden\" name=\"_wpcf7\" value=\"1012\" \/><input type=\"hidden\" name=\"_wpcf7_version\" value=\"6.1.4\" \/><input type=\"hidden\" name=\"_wpcf7_locale\" value=\"it_IT\" \/><input type=\"hidden\" name=\"_wpcf7_unit_tag\" value=\"wpcf7-f1012-o1\" \/><input type=\"hidden\" name=\"_wpcf7_container_post\" value=\"0\" \/><input type=\"hidden\" name=\"_wpcf7_posted_data_hash\" value=\"\" \/><input type=\"hidden\" name=\"_wpcf7dtx_version\" value=\"5.0.3\" \/>\n<\/fieldset>\n<div uk-grid>\n\t<div class=\"uk-width-1-2@s\">\n\t\t<p><span class=\"wpcf7-form-control-wrap\" data-name=\"your-name\"><input size=\"40\" maxlength=\"400\" class=\"wpcf7-form-control wpcf7-text wpcf7-validates-as-required uk-input\" autocomplete=\"name\" aria-required=\"true\" aria-invalid=\"false\" placeholder=\"Nome\" value=\"\" type=\"text\" name=\"your-name\" \/><\/span>\n\t\t<\/p>\n\t<\/div>\n\t<div class=\"uk-width-1-2@s\">\n\t\t<p><span class=\"wpcf7-form-control-wrap\" data-name=\"cognome\"><input size=\"40\" maxlength=\"400\" class=\"wpcf7-form-control wpcf7-text wpcf7-validates-as-required uk-input\" autocomplete=\"surname\" aria-required=\"true\" aria-invalid=\"false\" placeholder=\"Cognome\" value=\"\" type=\"text\" name=\"cognome\" \/><\/span>\n\t\t<\/p>\n\t<\/div>\n\t<div class=\"uk-width-1-2@s\">\n\t\t<p><span class=\"wpcf7-form-control-wrap\" data-name=\"city\"><input size=\"40\" maxlength=\"400\" class=\"wpcf7-form-control wpcf7-text wpcf7-validates-as-required uk-input\" autocomplete=\"city\" aria-required=\"true\" aria-invalid=\"false\" placeholder=\"Citt\u00e0\" value=\"\" type=\"text\" name=\"city\" \/><\/span>\n\t\t<\/p>\n\t<\/div>\n\t<div class=\"uk-width-1-2@s\">\n\t\t<p><span class=\"wpcf7-form-control-wrap\" data-name=\"your-email\"><input size=\"40\" maxlength=\"400\" class=\"wpcf7-form-control wpcf7-email wpcf7-validates-as-required wpcf7-text wpcf7-validates-as-email uk-input\" autocomplete=\"email\" aria-required=\"true\" aria-invalid=\"false\" placeholder=\"Email\" value=\"\" type=\"email\" name=\"your-email\" \/><\/span>\n\t\t<\/p>\n\t<\/div>\n\t<div class=\"uk-width-1-2@s\">\n\t\t<p><span class=\"wpcf7-form-control-wrap\" data-name=\"telefono\"><input size=\"40\" maxlength=\"400\" class=\"wpcf7-form-control wpcf7-text wpcf7-validates-as-required uk-input\" autocomplete=\"phone\" aria-required=\"true\" aria-invalid=\"false\" placeholder=\"Telefono\" value=\"\" type=\"text\" name=\"telefono\" \/><\/span>\n\t\t<\/p>\n\t<\/div>\n\t<div class=\"uk-width-1-2@s\">\n\t\t<p><span class=\"wpcf7-form-control-wrap\" data-name=\"your-subject\"><input size=\"40\" maxlength=\"400\" class=\"wpcf7-form-control wpcf7-text wpcf7-validates-as-required uk-input\" aria-required=\"true\" aria-invalid=\"false\" placeholder=\"Oggetto\" value=\"\" type=\"text\" name=\"your-subject\" \/><\/span>\n\t\t<\/p>\n\t<\/div>\n\t<div class=\"uk-width-1-1\">\n\t\t<p><span class=\"wpcf7-form-control-wrap\" data-name=\"your-message\"><textarea cols=\"40\" rows=\"10\" maxlength=\"2000\" class=\"wpcf7-form-control wpcf7-textarea uk-textarea\" aria-invalid=\"false\" placeholder=\"Messaggio\" name=\"your-message\"><\/textarea><\/span>\n\t\t<\/p>\n\t<\/div>\n\t<div class=\"uk-width-1-1\">\n\t\t<p><span class=\"wpcf7-form-control-wrap\" data-name=\"accettazione\"><span class=\"wpcf7-form-control wpcf7-acceptance\"><span class=\"wpcf7-list-item\"><label><input type=\"checkbox\" name=\"accettazione\" value=\"1\" aria-invalid=\"false\" \/><span class=\"wpcf7-list-item-label\">Con l'invio di questa richiesta, si acconsente al trattamento dei dati personali in base al D.Lgs. 196\/2003<\/span><\/label><\/span><\/span><\/span>\n\t\t<\/p>\n\t<\/div>\n\t<p><input class=\"wpcf7-form-control wpcf7-submit has-spinner uk-button uk-button-primary\" type=\"submit\" value=\"Invia\" \/>\n\t<\/p>\n<\/div><div class=\"wpcf7-response-output\" aria-hidden=\"true\"><\/div>\n<\/form>\n<\/div>\n<\/div>\n<ul>\n<li>\n<p><a href=\"mailto:booking@sealines.eu\">Richiesta informazioni<\/a><\/p>\n<p>booking@sealines.eu<\/p>\n<\/li>\n<li>\n<p><a href=\"mailto:acc@sealines.eu\">Contabilit\u00e0<\/a><\/p>\n<p>acc@sealines.eu<\/p>\n<\/li>\n<\/ul>\n<hr>\n<h3>I nostri contatti<\/h3>\n<ul>\n<li>\n<div>+39 0809260042<\/div>\n<\/li>\n<li>\n<div>+39 344 1743399<\/div>\n<\/li>\n<li>\n<div>Sealines.it<\/div>\n<\/li>\n<\/ul>\n<div><strong> Il nostro Servizio Info e  Booking Traghetti  \u00e8 attivo dal luned\u00ec al venerd\u00ec dalle ore 9.00 alle ore 19:00 e il sabato dalle ore 09:00 alle 13:00 <\/strong><\/div>\n<div>\n<p><span>Ci trovate in via Quintino Sella, 58 &#8211; 70122 Bari (BA)<\/span><\/p>\n<\/div>\n<div>\n<p>41.1222838,16.8643805<\/p>\n<p><a href=\"https:\/\/www.google.it\/maps\/place\/Via+Quintino+Sella,+58,+70122+Bari+BA\/@41.1240612,16.8618072,16z\/data=!3m1!4b1!4m6!3m5!1s0x1347e88aa34aedd7:0x5e4668d27d790105!8m2!3d41.1240612!4d16.8643821!16s%2Fg%2F11g8kykfv1?entry=ttu\">Read more<\/a><\/p>\n<\/div>\n<p><!--more--><br \/>\n<!-- {\"type\":\"layout\",\"children\":[{\"type\":\"section\",\"props\":{\"image_position\":\"center-center\",\"style\":\"default\",\"title_breakpoint\":\"xl\",\"title_position\":\"top-left\",\"title_rotation\":\"left\",\"vertical_align\":\"\",\"width\":\"default\"},\"children\":[{\"type\":\"row\",\"children\":[{\"type\":\"column\",\"props\":{\"image_position\":\"center-center\",\"position_sticky_breakpoint\":\"m\"},\"children\":[{\"type\":\"headline\",\"props\":{\"title_element\":\"h1\"},\"source\":{\"query\":{\"name\":\"pages.singlePage\"},\"props\":{\"content\":{\"filters\":{\"search\":\"\"},\"name\":\"title\"}}}},{\"type\":\"text\",\"props\":{\"column_breakpoint\":\"m\",\"content\":\"Usate uno degli indirizzi specificati qui sotto per poter entrare in contatto per noi. In alternativa, qualora vogliate sottoporci una richiesta, potete utilizzare anche il form di contatto presente in questa stessa pagina.\",\"margin\":\"default\"}}]}]},{\"type\":\"row\",\"props\":{\"layout\":\"2-3,1-3\"},\"children\":[{\"type\":\"column\",\"props\":{\"image_position\":\"center-center\",\"position_sticky_breakpoint\":\"m\",\"width_medium\":\"2-3\"},\"children\":[{\"type\":\"headline\",\"props\":{\"content\":\"Modulo di richiesta\",\"title_element\":\"h2\"}},{\"type\":\"text\",\"props\":{\"column_breakpoint\":\"m\",\"content\":\"Usate questo form di contatto per inviare richieste. Provvederemo a contattarvi nel minor tempo possibile.\",\"margin\":\"default\"}},{\"type\":\"html\",\"props\":{\"content\":\"[contact-form-7 id=\\\"56da565\\\" title=\\\"Modulo di contatto\\\"] \"}}]},{\"type\":\"column\",\"props\":{\"image_position\":\"center-center\",\"position_sticky_breakpoint\":\"m\",\"width_medium\":\"1-3\"},\"children\":[{\"type\":\"nav\",\"props\":{\"grid\":\"1\",\"image_vertical_align\":true,\"nav_style\":\"default\",\"show_image\":true,\"show_meta\":true},\"children\":[{\"type\":\"nav_item\",\"props\":{\"content\":\"Richiesta informazioni\",\"link\":\"mailto:booking@sealines.eu\",\"meta\":\"booking@sealines.eu\"}},{\"type\":\"nav_item\",\"props\":{\"content\":\"Contabilit\\u00e0\",\"link\":\"mailto:acc@sealines.eu\",\"meta\":\"acc@sealines.eu\"}}]},{\"type\":\"divider\",\"props\":{\"divider_element\":\"hr\"}},{\"type\":\"headline\",\"props\":{\"content\":\"I nostri contatti\",\"margin_remove_top\":true,\"title_element\":\"h3\"}},{\"type\":\"list\",\"props\":{\"column_breakpoint\":\"m\",\"image_align\":\"left\",\"image_svg_color\":\"emphasis\",\"image_vertical_align\":true,\"list_element\":\"ul\",\"list_horizontal_separator\":\", \",\"list_type\":\"vertical\",\"show_image\":true,\"show_link\":true},\"children\":[{\"type\":\"list_item\",\"props\":{\"content\":\"+39 0809260042\",\"icon\":\"receiver\"}},{\"type\":\"list_item\",\"props\":{\"content\":\"+39 344 1743399\",\"icon\":\"whatsapp\"}},{\"type\":\"list_item\",\"props\":{\"content\":\"Sealines.it\",\"icon\":\"antdesign-outlined--skype\"}}]},{\"type\":\"text\",\"props\":{\"column_breakpoint\":\"m\",\"content\":\"<strong> Il nostro Servizio Info e  Booking Traghetti  \\u00e8 attivo dal luned\\u00ec al venerd\\u00ec dalle ore 9.00 alle ore 19:00 e il sabato dalle ore 09:00 alle 13:00 <\\\/strong>\",\"margin\":\"default\"}},{\"type\":\"text\",\"props\":{\"column_breakpoint\":\"m\",\"content\":\"\n\n<p><span>Ci trovate in via Quintino Sella, 58 - 70122 Bari (BA)<\\\/span><\\\/p>\",\"margin\":\"default\"}},{\"type\":\"map\",\"props\":{\"controls\":true,\"dragging\":true,\"height\":170,\"image_svg_color\":\"emphasis\",\"link_style\":\"default\",\"link_text\":\"Read more\",\"margin\":\"default\",\"max_zoom\":18,\"meta_align\":\"below-title\",\"meta_element\":\"div\",\"meta_style\":\"text-meta\",\"min_zoom\":0,\"poi\":false,\"show_content\":true,\"show_image\":true,\"show_link\":true,\"show_meta\":true,\"show_title\":true,\"title_element\":\"h3\",\"title_hover_style\":\"reset\",\"type\":\"roadmap\",\"zoom\":10,\"zooming\":true},\"children\":[{\"type\":\"map_item\",\"props\":{\"link\":\"https:\\\/\\\/www.google.it\\\/maps\\\/place\\\/Via+Quintino+Sella,+58,+70122+Bari+BA\\\/@41.1240612,16.8618072,16z\\\/data=!3m1!4b1!4m6!3m5!1s0x1347e88aa34aedd7:0x5e4668d27d790105!8m2!3d41.1240612!4d16.8643821!16s%2Fg%2F11g8kykfv1?entry=ttu\",\"location\":\"41.1222838,16.8643805\"}}]}]}]}]}],\"version\":\"4.4.8\",\"yooessentialsVersion\":\"2.2.19\"} --><\/p>\n","protected":false},"excerpt":{"rendered":"<p>Usate uno degli indirizzi specificati qui sotto per poter entrare in contatto per noi. In alternativa, qualora vogliate sottoporci una richiesta, potete utilizzare anche il form di contatto presente in questa stessa pagina. Modulo di richiesta Usate questo form di contatto per inviare richieste. Provvederemo a contattarvi nel minor tempo possibile. Richiesta informazioni booking@sealines.eu Contabilit\u00e0 [&hellip;]<\/p>\n","protected":false},"author":1,"featured_media":0,"parent":0,"menu_order":0,"comment_status":"closed","ping_status":"closed","template":"","meta":{"_acf_changed":false,"footnotes":""},"class_list":["post-1001","page","type-page","status-publish","hentry"],"acf":[],"_links":{"self":[{"href":"https:\/\/www.sealines.eu\/sq\/wp-json\/wp\/v2\/pages\/1001","targetHints":{"allow":["GET"]}}],"collection":[{"href":"https:\/\/www.sealines.eu\/sq\/wp-json\/wp\/v2\/pages"}],"about":[{"href":"https:\/\/www.sealines.eu\/sq\/wp-json\/wp\/v2\/types\/page"}],"author":[{"embeddable":true,"href":"https:\/\/www.sealines.eu\/sq\/wp-json\/wp\/v2\/users\/1"}],"replies":[{"embeddable":true,"href":"https:\/\/www.sealines.eu\/sq\/wp-json\/wp\/v2\/comments?post=1001"}],"version-history":[{"count":24,"href":"https:\/\/www.sealines.eu\/sq\/wp-json\/wp\/v2\/pages\/1001\/revisions"}],"predecessor-version":[{"id":10292,"href":"https:\/\/www.sealines.eu\/sq\/wp-json\/wp\/v2\/pages\/1001\/revisions\/10292"}],"wp:attachment":[{"href":"https:\/\/www.sealines.eu\/sq\/wp-json\/wp\/v2\/media?parent=1001"}],"curies":[{"name":"wp","href":"https:\/\/api.w.org\/{rel}","templated":true}]}}