{"id":2070,"date":"2024-03-28T12:06:10","date_gmt":"2024-03-28T12:06:10","guid":{"rendered":"https:\/\/sealines-wp.arkimedeacademy.it\/?page_id=2070"},"modified":"2024-05-06T22:13:03","modified_gmt":"2024-05-06T20:13:03","slug":"kushtet-e-sherbimit","status":"publish","type":"page","link":"https:\/\/www.sealines.eu\/sq\/termini-servizio\/","title":{"rendered":"Kushtet e P\u00ebrgjithshme t\u00eb Sh\u00ebrbimit"},"content":{"rendered":"<p>M\u00eb posht\u00eb jan\u00eb kushtet e sh\u00ebrbimit t\u00eb aplikuara nga Web Travel srl p\u00ebr sh\u00ebrbimet e ofruara p\u00ebrmes faqes s\u00eb internetit www.sealines.eu.<\/p>\n<div class=\"colonne\">\n<h3>REZERVIME<\/h3>\n<h4>Neni 1<\/h4>\n<p>Me paraqitjen e nj\u00eb k\u00ebrkese rezervimi, klienti konsiderohet se ka pranuar kushtet dhe afatet e shitjes s\u00eb Web Travel srl (si\u00e7 renditen m\u00eb posht\u00eb) dhe kushtet dhe afatet e shitjes dhe transportit t\u00eb kompanive t\u00eb zgjedhura t\u00eb transportit detar.<\/p>\n<h4>Neni 2<\/h4>\n<p>Rezervimet e marra n\u00eb internet, n\u00eb shumic\u00ebn e rasteve, p\u00ebrpunohen nga Web Travel srl brenda 2 dit\u00ebve pune. Web Travel srl pranon dhe m\u00eb pas konfirmon k\u00ebrkesat p\u00ebr rezervim vet\u00ebm n\u00ebse kompanit\u00eb e transportit detar konfirmojn\u00eb disponueshm\u00ebrin\u00eb. P\u00ebrndryshe, Web Travel srl \u00ebsht\u00eb i detyruar vet\u00ebm t\u00eb rimbursoj\u00eb shumat e marra.<\/p>\n<h4>Neni 3<\/h4>\n<p>Vet\u00ebm kompanit\u00eb e transportit detar kan\u00eb t\u00eb drejt\u00eb t\u00eb ndryshojn\u00eb \u00e7mimet e biletave pa paralajm\u00ebrim deri n\u00eb l\u00ebshimin p\u00ebrfundimtar t\u00eb bilet\u00ebs. N\u00ebse, pasi t\u00eb jet\u00eb l\u00ebshuar bileta, kompania b\u00ebn ndryshime n\u00eb \u00e7mime ose ndryshime n\u00eb oraret e nisjes dhe\/ose mb\u00ebrritjes s\u00eb anijes, njoftimi p\u00ebr ndryshime t\u00eb tilla do t\u00eb d\u00ebrgohet direkt nga vet\u00eb kompania.<\/p>\n<h4>Neni 4<\/h4>\n<p>Web Travel srl zbaton \u00e7mimet m\u00eb t\u00eb mira n\u00eb interes t\u00eb klientit, t\u00eb disponueshme n\u00eb koh\u00ebn e l\u00ebshimit t\u00eb bilet\u00ebs q\u00eb rrjedhin nga \u00e7do ofert\u00eb ose \u00e7mim promocional. Web Travel srl nuk mban asnj\u00eb p\u00ebrgjegj\u00ebsi n\u00ebse zbatimi i ofertave dhe \u00e7mimeve promocionale parandalon ose kufizon mund\u00ebsin\u00eb e ndryshimeve, anulimeve dhe\/ose rimbursimeve t\u00eb m\u00ebvonshme. N\u00ebse klienti nuk d\u00ebshiron t\u00eb p\u00ebrfitoj\u00eb nga \u00e7mimet promocionale, ai duhet t\u00eb kontaktoj\u00eb Web Travel srl direkt me telefon ose email dhe t\u00eb komunikoj\u00eb shprehimisht vendimin e tij.<\/p>\n<h4>Neni 5<\/h4>\n<p>K\u00ebrkesat p\u00ebr rezervim pranohen nga Web Travel srl deri n\u00eb dit\u00ebn e nisjes n\u00ebse kompania l\u00ebshon nj\u00eb bilet\u00eb elektronike. N\u00eb k\u00ebt\u00eb rast, pagesa duhet t\u00eb b\u00ebhet me kart\u00eb krediti. Bileta merret me email dhe procesi nuk konsiderohet i p\u00ebrfunduar derisa t\u00eb merret. K\u00ebrkesat p\u00ebr rezervim q\u00eb k\u00ebrkojn\u00eb l\u00ebshimin manual t\u00eb bilet\u00ebs duhet t\u00eb merren t\u00eb pakt\u00ebn pes\u00eb dit\u00eb pune para dat\u00ebs s\u00eb nisjes dhe n\u00eb \u00e7do rast jo m\u00eb pak se dy dit\u00eb pune para nisjes.<\/p>\n<h4>Neni 6<\/h4>\n<p>IWeb Travel srl nuk \u00ebsht\u00eb n\u00eb asnj\u00eb m\u00ebnyr\u00eb p\u00ebrgjegj\u00ebse p\u00ebr sakt\u00ebsin\u00eb dhe v\u00ebrtet\u00ebsin\u00eb e informacionit t\u00eb dh\u00ebn\u00eb nga klienti gjat\u00eb rezervimit (t\u00eb gjitha informacionet e k\u00ebrkuara nga formulari i faqes s\u00eb internetit gjat\u00eb rezervimit dhe pages\u00ebs).<\/p>\n<h4>Neni 7<\/h4>\n<p>Rezervimi i b\u00ebr\u00eb n\u00eb internet konsiderohet i p\u00ebrfunduar (n\u00eb var\u00ebsi t\u00eb disponueshm\u00ebris\u00eb) vet\u00ebm pas marrjes s\u00eb email-it t\u00eb konfirmimit nga Web Travel srl.<\/p>\n<h4>Neni 8<\/h4>\n<p>Bileta l\u00ebshohet p\u00ebr secilin pasagjer dhe p\u00ebrb\u00ebn nj\u00eb dokument udh\u00ebtimi rrept\u00ebsisht personal, i patransferuesh\u00ebm te nj\u00eb pasagjer tjet\u00ebr pa p\u00eblqimin e Kompanis\u00eb.<\/p>\n<h4>Neni 9<\/h4>\n<p>Pasagjer\u00ebt duhet t\u00eb mb\u00ebrrijn\u00eb t\u00eb pakt\u00ebn tre or\u00eb para or\u00ebs s\u00eb nisjes t\u00eb treguar n\u00eb bilet\u00ebn e tyre (p\u00ebrve\u00e7 n\u00ebse tregohet ndryshe) p\u00ebr t\u00eb p\u00ebrfunduar formalitetet e hipjes n\u00eb bord dhe regjistrimin.<\/p>\n<h4>Neni 10<\/h4>\n<p>T\u00eb gjith\u00eb pasagjer\u00ebt duhet t\u00eb ken\u00eb nj\u00eb pasaport\u00eb t\u00eb vlefshme ose nj\u00eb dokument identifikimi ekuivalent dhe, kur \u00ebsht\u00eb e aplikueshme, nj\u00eb viz\u00eb dhe\/ose certifikata nd\u00ebrkomb\u00ebtare vaksinimi.<\/p>\n<h4>Neni 11<\/h4>\n<p>Pasagjer\u00ebt duhet t\u00eb ruajn\u00eb gjithashtu dokumentet e udh\u00ebtimit p\u00ebr t\u00eb ushtruar t\u00eb drejtat e tyre n\u00eb \u00e7do koh\u00eb. Bileta mund t\u00eb k\u00ebrkohet nga oficer\u00ebt e anijes gjat\u00eb udh\u00ebtimit (deri n\u00eb zbarkim) dhe pasagjer\u00ebt duhet ta paraqesin at\u00eb.<\/p>\n<h4>Neni 12<\/h4>\n<p>Pasagjer\u00ebt q\u00eb nuk i p\u00ebrmbushin detyrimet e p\u00ebrcaktuara n\u00eb ART. 8 \u2013 9 \u2013 10 \u2013 11 do t\u00eb humbasin t\u00eb drejt\u00ebn p\u00ebr \u00e7do akomodim t\u00eb rezervuar\/t\u00eb paguar dhe vendin e tyre t\u00eb parkimit.<\/p>\n<h4>Neni 13<\/h4>\n<p>Kapiteni ka t\u00eb drejt\u00eb t&#039;i refuzoj\u00eb hipjen n\u00eb bord nj\u00eb pasagjeri p\u00ebr arsye q\u00eb lidhen me sh\u00ebndetin e pasagjerit, gjendjen fizike ose mendore, gjendjen e mundshme t\u00eb dehjes, p\u00ebr arsye sjelljeje t\u00eb keqe duke p\u00ebrfshir\u00eb ato q\u00eb lidhen me t\u00eb kaluar\u00ebn ose p\u00ebr \u00e7do arsye q\u00eb ai e konsideron absolutisht t\u00eb nevojshme.<\/p>\n<h3>PAGESAT<\/h3>\n<h4>Neni 14<\/h4>\n<p>K\u00ebrkesa p\u00ebr rezervim p\u00ebrpunohet pasi t\u00eb jet\u00eb b\u00ebr\u00eb pagesa dhe l\u00ebshimi p\u00ebrfundimtar i bilet\u00ebs varet nga disponueshm\u00ebria e linj\u00ebs ajrore. Pasi t\u00eb p\u00ebrfundoj\u00eb procesi, klienti merr konfirmimin p\u00ebrfundimtar me email.<\/p>\n<h4>Neni 15<\/h4>\n<p>Metoda e vetme e pages\u00ebs e pranuar p\u00ebr rezervimet online \u00ebsht\u00eb karta e kreditit p\u00ebrmes PayPal dhe Banca Sella. Biletat nga disa linja ajrore mund t\u00eb zgjidhen dhe m\u00eb pas t\u00eb paguhen p\u00ebrmes transferit bankar duke kontaktuar Web Travel srl direkt me email dhe\/ose telefon. P\u00ebr rezervimet me kart\u00eb krediti p\u00ebrmes telefonit, Web Travel srl rezervon t\u00eb drejt\u00ebn t\u00eb k\u00ebrkoj\u00eb dokumentacionin e nevojsh\u00ebm p\u00ebr autorizimin e kart\u00ebs s\u00eb kreditit.<\/p>\n<h4>Neni 16<\/h4>\n<p>P\u00ebr rezervimet me pages\u00eb me transfer bankar, klienti duhet t&#039;i d\u00ebrgoj\u00eb Web Travel srl nj\u00eb kopje t\u00eb pages\u00ebs me faks ose email. N\u00ebse paguan me transfer bankar, bileta do t&#039;i d\u00ebrgohet klientit vet\u00ebm pasi pagesa t\u00eb jet\u00eb konfirmuar n\u00eb llogarin\u00eb bankare t\u00eb Web Travel srl.<\/p>\n<h3>NDRYSHIME DHE ANULIME<\/h3>\n<h4>Neni 17<\/h4>\n<p>T\u00eb gjitha k\u00ebrkesat p\u00ebr ndryshime dhe\/ose anulime t\u00eb rezervimeve duhet t\u00eb d\u00ebrgohen te Web Travel srl ekskluzivisht me email nga adresa e email-it e p\u00ebrdorur n\u00eb koh\u00ebn e blerjes, duke bashk\u00ebngjitur nj\u00eb kopje t\u00eb dokumentit t\u00eb identifikimit t\u00eb mbajt\u00ebsit t\u00eb rezervimit. N\u00eb rast urgjence gjat\u00eb orarit ose dit\u00ebve t\u00eb mbylljes s\u00eb Web Travel srl, klienti mund t\u00eb kontaktoj\u00eb drejtp\u00ebrdrejt kompanin\u00eb e transportit dhe t\u00eb k\u00ebrkoj\u00eb ndryshime ose anulime.<\/p>\n<h4>Neni 18<\/h4>\n<p>N\u00eb rast ndryshimesh ose anulimesh t\u00eb biletave t\u00eb l\u00ebshuara tashm\u00eb, Web Travel srl zbaton kushtet dhe rregullat e p\u00ebrgjithshme t\u00eb transportit t\u00eb kompanis\u00eb p\u00ebrkat\u00ebse. Klienti mund t\u00eb b\u00ebj\u00eb ndryshime ose anulime t\u00eb biletave t\u00eb l\u00ebshuara tashm\u00eb, aty ku lejohet, me kusht pages\u00ebn e nj\u00eb gjobe ndaj Kompanis\u00eb dhe pages\u00ebn e nj\u00eb gjobe ndaj Web Travel srl deri n\u00eb 50.00 \u20ac p\u00ebr \u00e7do ndryshim ose modifikim.<\/p>\n<h4>Neni 19<\/h4>\n<p>N\u00eb rast t\u00eb mosp\u00ebrdorimit t\u00eb biletave t\u00eb l\u00ebshuara tashm\u00eb (NON SHOW), klienti nuk ka t\u00eb drejt\u00eb p\u00ebr rimbursim.<\/p>\n<h3>RIMBURSIMET<\/h3>\n<h4>Neni 20<\/h4>\n<p>Rimbursimet e k\u00ebrkuara i n\u00ebnshtrohen NENEVE 18 dhe 19. Tarifat e rezervimit nuk rimbursohen n\u00eb asnj\u00eb rrethan\u00eb. Rimbursimet mund t\u00eb b\u00ebhen vet\u00ebm duke p\u00ebrdorur t\u00eb nj\u00ebjt\u00ebn metod\u00eb pagese t\u00eb p\u00ebrdorur (transfert\u00eb bankare, e kredituar n\u00eb llogarin\u00eb tuaj PayPal ose kart\u00ebn e debitit\/kreditit t\u00eb p\u00ebrdorur n\u00eb koh\u00ebn e blerjes). Koha q\u00eb duhet q\u00eb fondet e kredituara nga Web Travel srl t\u00eb jen\u00eb t\u00eb disponueshme varet nga institucioni bankar i klientit.<\/p>\n<h4>Neni 21<\/h4>\n<p>N\u00eb rast anulimi ose ndryshimi t\u00eb biletave, Web Travel srl do t\u00eb rimbursoj\u00eb \u00e7do shum\u00eb q\u00eb i detyrohet klientit vet\u00ebm pasi t\u00eb marr\u00eb rimbursimin nga kompania e transportit n\u00eb fjal\u00eb. Shumat e detyruara jan\u00eb zbritur nga \u00e7do penalitet i aplikuar nga kompania dhe Web Travel, sipas NENI 18.<\/p>\n<h3>P\u00cbRGJEGJ\u00cbSI\u2019<\/h3>\n<h4>Neni 22<\/h4>\n<p>Web Travel srl vepron ekskluzivisht si nd\u00ebrmjet\u00ebs midis klientit dhe kompanis\u00eb s\u00eb transportit detar. Prandaj, nuk \u00ebsht\u00eb n\u00eb asnj\u00eb m\u00ebnyr\u00eb p\u00ebrgjegj\u00ebse p\u00ebr keqfunksionimet n\u00eb sistemin e rezervimeve t\u00eb kompanis\u00eb ose p\u00ebr ndonj\u00eb ndryshim t\u00eb b\u00ebr\u00eb n\u00eb itinerarin e rezervuar.<\/p>\n<h3>MOSAPLIKUARIA E T\u00cb DREJT\u00cbS S\u00cb T\u00cbRHEQJES<\/h3>\n<h4>Neni 23<\/h4>\n<p>Kodi i Konsumatorit, neni 7 i Ligjit t\u00eb 29 korrikut 2003, nr. 229, botuar n\u00eb Gazet\u00ebn Zyrtare nr. 235 t\u00eb 8 tetorit 2005, i p\u00ebrdit\u00ebsuar m\u00eb 10\/06\/2011 me Dekretin Legjislativ 79\/2011 \u2013 Shtesa e Zakonshme nr. 162 e nenit 55 \u201cP\u00ebrjashtimet\u201d, paragrafi b, thot\u00eb: \u201cE drejta e t\u00ebrheqjes e parashikuar n\u00eb nenet 64 e n\u00eb vijim, si dhe nenet 52 dhe 53 dhe paragrafi 1 i nenit 54 nuk zbatohet: b) p\u00ebr kontratat p\u00ebr furnizimin e sh\u00ebrbimeve q\u00eb lidhen me akomodimin, transportin, ushqimin, koh\u00ebn e lir\u00eb, kur, pas lidhjes s\u00eb kontrat\u00ebs, profesionisti merr p\u00ebrsip\u00ebr t\u00eb ofroj\u00eb sh\u00ebrbime t\u00eb tilla n\u00eb nj\u00eb dat\u00eb specifike ose brenda nj\u00eb periudhe t\u00eb paracaktuar.\u201d<\/p>\n<h3>GJYKATA KOMPETENTE<\/h3>\n<h4>Neni 24<\/h4>\n<p>\u00c7do mosmarr\u00ebveshje rregullohet nga ligji italian dhe i n\u00ebnshtrohet juridiksionit t\u00eb Gjykat\u00ebs s\u00eb Barit.<\/p>\n<\/div>","protected":false},"excerpt":{"rendered":"<p>Di seguito si riportano i termini di servizio applicati da Web Travel s.r.l. per i servizi offerti tramite il sito www.sealines.eu. PRENOTAZIONI Articolo 1 Con l&#8217;invio della richiesta di prenotazione da parte del cliente, si ritengono accettate le condizioni di vendita di Web Travel s.r.l. (come di seguito elencate) e le condizioni di vendita e [&hellip;]<\/p>\n","protected":false},"author":1,"featured_media":0,"parent":0,"menu_order":0,"comment_status":"closed","ping_status":"closed","template":"","meta":{"_acf_changed":false,"footnotes":""},"class_list":["post-2070","page","type-page","status-publish","hentry"],"acf":[],"_links":{"self":[{"href":"https:\/\/www.sealines.eu\/sq\/wp-json\/wp\/v2\/pages\/2070","targetHints":{"allow":["GET"]}}],"collection":[{"href":"https:\/\/www.sealines.eu\/sq\/wp-json\/wp\/v2\/pages"}],"about":[{"href":"https:\/\/www.sealines.eu\/sq\/wp-json\/wp\/v2\/types\/page"}],"author":[{"embeddable":true,"href":"https:\/\/www.sealines.eu\/sq\/wp-json\/wp\/v2\/users\/1"}],"replies":[{"embeddable":true,"href":"https:\/\/www.sealines.eu\/sq\/wp-json\/wp\/v2\/comments?post=2070"}],"version-history":[{"count":1,"href":"https:\/\/www.sealines.eu\/sq\/wp-json\/wp\/v2\/pages\/2070\/revisions"}],"predecessor-version":[{"id":2072,"href":"https:\/\/www.sealines.eu\/sq\/wp-json\/wp\/v2\/pages\/2070\/revisions\/2072"}],"wp:attachment":[{"href":"https:\/\/www.sealines.eu\/sq\/wp-json\/wp\/v2\/media?parent=2070"}],"curies":[{"name":"wp","href":"https:\/\/api.w.org\/{rel}","templated":true}]}}