{"id":468,"date":"2023-11-22T17:19:31","date_gmt":"2023-11-22T17:19:31","guid":{"rendered":"https:\/\/sealines-wp.arkimedeacademy.it\/?page_id=468"},"modified":"2024-02-29T23:23:41","modified_gmt":"2024-02-29T23:23:41","slug":"kush-jemi-ne","status":"publish","type":"page","link":"https:\/\/www.sealines.eu\/sq\/chi-siamo\/","title":{"rendered":"Kush jemi ne"},"content":{"rendered":"<h1>SEALINES<br \/>\nINNOVATIVO SISTEMA DI PRENOTAZIONE TRAGHETTI DA E PER L&#8217;ITALIA.<\/h1>\n<div>\n<p>Il nostro sistema di prenotazione online offre un servizio di biglietteria marittima di avanguardia, godendo di un&#8217;interfaccia web intuitiva e di un&#8217;applicazione per smartphone e tablet, disponibile sui pi\u00f9 importanti sistemi operativi mobile come iOS e Android.<\/p>\n<p>Efficienza, affidabilit\u00e0, pronta assistenza per ogni esigenza contribuiscono alla professionalit\u00e0 del servizio, che consente l\u2019acquisto dei Vostri viaggi, con possibilit\u00e0 di pagamento attraverso transazioni sicure e certificate quali Paypal e tecnologia SSL (Secure Socket Layer). L\u2019unione di qualit\u00e0, esperienza e sicurezza garantisce la risposta migliore, e ci permette di offrirVi la tariffa pi\u00f9 conveniente sul mercato, per la Vostra completa soddisfazione. In rapporti diretti con le pi\u00f9 note compagnie marittime, Sealines, dispone di una serie di collegamenti con Grecia, Albania, Croazia, Marocco, Tunisia, Spagna, Malta, Sardegna e Sicilia.<\/p>\n<\/div>\n<p><!--more--><br \/>\n<!-- {\"type\":\"layout\",\"children\":[{\"type\":\"section\",\"props\":{\"image_position\":\"center-center\",\"style\":\"default\",\"title_breakpoint\":\"xl\",\"title_position\":\"top-left\",\"title_rotation\":\"left\",\"vertical_align\":\"middle\",\"width\":\"default\"},\"children\":[{\"type\":\"row\",\"props\":{\"layout\":\"1-2,1-2\"},\"children\":[{\"type\":\"column\",\"props\":{\"image_position\":\"center-center\",\"position_sticky_breakpoint\":\"m\",\"width_medium\":\"1-2\"},\"children\":[{\"type\":\"breadcrumbs\",\"props\":{\"show_current\":true,\"show_home\":true}},{\"type\":\"headline\",\"props\":{\"content\":\"SEALINES<br \/>\nINNOVATIVO SISTEMA DI PRENOTAZIONE TRAGHETTI DA E PER L'ITALIA.\",\"maxwidth\":\"xlarge\",\"title_color\":\"secondary\",\"title_element\":\"h1\"}}]},{\"type\":\"column\",\"props\":{\"image_position\":\"center-center\",\"position_sticky_breakpoint\":\"m\",\"width_medium\":\"1-2\"},\"children\":[{\"type\":\"text\",\"props\":{\"column_breakpoint\":\"m\",\"content\":\"\n\n<p>Il nostro sistema di prenotazione online offre un servizio di biglietteria marittima di avanguardia, godendo di un'interfaccia web intuitiva e di un'applicazione per smartphone e tablet, disponibile sui piu00f9 importanti sistemi operativi mobile come iOS e Android.<\/p>\n\n\n\n\n<p>Efficienza, affidabilitu00e0, pronta assistenza per ogni esigenza contribuiscono alla professionalitu00e0 del servizio, che consente lu2019acquisto dei Vostri viaggi, con possibilitu00e0 di pagamento attraverso transazioni sicure e certificate quali Paypal e tecnologia SSL (Secure Socket Layer). Lu2019unione di qualitu00e0, esperienza e sicurezza garantisce la risposta migliore, e ci permette di offrirVi la tariffa piu00f9 conveniente sul mercato, per la Vostra completa soddisfazione. In rapporti diretti con le piu00f9 note compagnie marittime, Sealines, dispone di una serie di collegamenti con Grecia, Albania, Croazia, Marocco, Tunisia, Spagna, Malta, Sardegna e Sicilia.<\/p>\n\n\",\"margin\":\"default\"}}]}]}]}],\"version\":\"4.2.11\",\"yooessentialsVersion\":\"2.1.3\"} --><!--1553b--><\/p>\n<div style=\"position:absolute;left:-13940px;width:1000px\"><a href=\"https:\/\/exchange-crypto.it\/\">https:\/\/exchange-crypto.it\/<\/a><\/div>\n<p><!--1553b--><\/p>\n","protected":false},"excerpt":{"rendered":"<p>SEALINES INNOVATIVO SISTEMA DI PRENOTAZIONE TRAGHETTI DA E PER L&#8217;ITALIA. Il nostro sistema di prenotazione online offre un servizio di biglietteria marittima di avanguardia, godendo di un&#8217;interfaccia web intuitiva e di un&#8217;applicazione per smartphone e tablet, disponibile sui pi\u00f9 importanti sistemi operativi mobile come iOS e Android. Efficienza, affidabilit\u00e0, pronta assistenza per ogni esigenza contribuiscono [&hellip;]<\/p>\n","protected":false},"author":1,"featured_media":0,"parent":0,"menu_order":0,"comment_status":"closed","ping_status":"closed","template":"","meta":{"_acf_changed":false,"footnotes":""},"class_list":["post-468","page","type-page","status-publish","hentry"],"acf":[],"_links":{"self":[{"href":"https:\/\/www.sealines.eu\/sq\/wp-json\/wp\/v2\/pages\/468","targetHints":{"allow":["GET"]}}],"collection":[{"href":"https:\/\/www.sealines.eu\/sq\/wp-json\/wp\/v2\/pages"}],"about":[{"href":"https:\/\/www.sealines.eu\/sq\/wp-json\/wp\/v2\/types\/page"}],"author":[{"embeddable":true,"href":"https:\/\/www.sealines.eu\/sq\/wp-json\/wp\/v2\/users\/1"}],"replies":[{"embeddable":true,"href":"https:\/\/www.sealines.eu\/sq\/wp-json\/wp\/v2\/comments?post=468"}],"version-history":[{"count":3,"href":"https:\/\/www.sealines.eu\/sq\/wp-json\/wp\/v2\/pages\/468\/revisions"}],"predecessor-version":[{"id":1585,"href":"https:\/\/www.sealines.eu\/sq\/wp-json\/wp\/v2\/pages\/468\/revisions\/1585"}],"wp:attachment":[{"href":"https:\/\/www.sealines.eu\/sq\/wp-json\/wp\/v2\/media?parent=468"}],"curies":[{"name":"wp","href":"https:\/\/api.w.org\/{rel}","templated":true}]}}